{"id":2383,"date":"2025-02-13T08:01:19","date_gmt":"2025-02-13T08:01:19","guid":{"rendered":"https:\/\/campinglaroquette.org\/surroundings\/"},"modified":"2026-04-21T08:34:31","modified_gmt":"2026-04-21T08:34:31","slug":"surroundings","status":"publish","type":"page","link":"https:\/\/campinglaroquette.org\/en\/surroundings\/","title":{"rendered":"Surroundings"},"content":{"rendered":"\t\t<div data-elementor-type=\"wp-page\" data-elementor-id=\"2383\" class=\"elementor elementor-2383 elementor-588\" data-elementor-settings=\"{&quot;ha_cmc_init_switcher&quot;:&quot;no&quot;}\" data-elementor-post-type=\"page\">\n\t\t\t\t<div class=\"elementor-element elementor-element-41c1f46 e-flex e-con-boxed e-con e-parent\" data-id=\"41c1f46\" data-element_type=\"container\" data-e-type=\"container\" data-settings=\"{&quot;background_background&quot;:&quot;classic&quot;,&quot;_ha_eqh_enable&quot;:false}\">\n\t\t\t\t\t<div class=\"e-con-inner\">\n\t\t<div class=\"elementor-element elementor-element-74dd5bf e-con-full e-flex e-con e-child\" data-id=\"74dd5bf\" data-element_type=\"container\" data-e-type=\"container\" data-settings=\"{&quot;_ha_eqh_enable&quot;:false}\">\n\t\t\t\t<div class=\"elementor-element elementor-element-bed2911 elementor-widget__width-initial elementor-widget-tablet__width-initial elementor-widget-mobile__width-inherit animated-fast elementor-invisible elementor-widget elementor-widget-heading\" data-id=\"bed2911\" data-element_type=\"widget\" data-e-type=\"widget\" data-settings=\"{&quot;_animation&quot;:&quot;fadeInUp&quot;,&quot;_animation_delay&quot;:100}\" data-widget_type=\"heading.default\">\n\t\t\t\t<div class=\"elementor-widget-container\">\n\t\t\t\t\t<h1 class=\"elementor-heading-title elementor-size-default\">Surroundings: guided tour<\/h1>\t\t\t\t<\/div>\n\t\t\t\t<\/div>\n\t\t\t\t<\/div>\n\t\t\t\t\t<\/div>\n\t\t\t\t<\/div>\n\t\t<div class=\"elementor-element elementor-element-1532981 e-flex e-con-boxed e-con e-parent\" data-id=\"1532981\" data-element_type=\"container\" data-e-type=\"container\" data-settings=\"{&quot;_ha_eqh_enable&quot;:false}\">\n\t\t\t\t\t<div class=\"e-con-inner\">\n\t\t\t\t<div class=\"elementor-element elementor-element-58762ab elementor-grid-1 elementor-grid-tablet-2 elementor-grid-mobile-1 elementor-widget elementor-widget-loop-grid\" data-id=\"58762ab\" data-element_type=\"widget\" data-e-type=\"widget\" data-settings=\"{&quot;_skin&quot;:&quot;post_taxonomy&quot;,&quot;template_id&quot;:590,&quot;columns&quot;:1,&quot;row_gap&quot;:{&quot;unit&quot;:&quot;px&quot;,&quot;size&quot;:50,&quot;sizes&quot;:[]},&quot;columns_tablet&quot;:&quot;2&quot;,&quot;columns_mobile&quot;:&quot;1&quot;,&quot;edit_handle_selector&quot;:&quot;[data-elementor-type=\\&quot;loop-item\\&quot;]&quot;,&quot;row_gap_tablet&quot;:{&quot;unit&quot;:&quot;px&quot;,&quot;size&quot;:&quot;&quot;,&quot;sizes&quot;:[]},&quot;row_gap_mobile&quot;:{&quot;unit&quot;:&quot;px&quot;,&quot;size&quot;:&quot;&quot;,&quot;sizes&quot;:[]}}\" data-widget_type=\"loop-grid.post_taxonomy\">\n\t\t\t\t<div class=\"elementor-widget-container\">\n\t\t\t\t\t\t\t<div class=\"elementor-loop-container elementor-grid\" role=\"list\">\n\t\t<style id=\"loop-590\">.elementor-590 .elementor-element.elementor-element-501a0f2{--display:flex;--flex-direction:row;--container-widget-width:initial;--container-widget-height:100%;--container-widget-flex-grow:1;--container-widget-align-self:stretch;--flex-wrap-mobile:wrap;--gap:40px 40px;--row-gap:40px;--column-gap:40px;}.elementor-590 .elementor-element.elementor-element-501a0f2.e-con{--flex-grow:0;--flex-shrink:0;}.elementor-590 .elementor-element.elementor-element-aab79ff{--display:flex;--flex-direction:column;--container-widget-width:calc( ( 1 - var( --container-widget-flex-grow ) ) * 100% );--container-widget-height:initial;--container-widget-flex-grow:0;--container-widget-align-self:initial;--flex-wrap-mobile:wrap;--justify-content:center;--align-items:center;--margin-top:0px;--margin-bottom:0px;--margin-left:0px;--margin-right:0px;--padding-top:0px;--padding-bottom:0px;--padding-left:0px;--padding-right:0px;}.elementor-590 .elementor-element.elementor-element-257cd8f img{width:100%;max-width:100%;height:100%;object-fit:cover;object-position:center center;border-radius:15px 15px 15px 15px;}.elementor-590 .elementor-element.elementor-element-32a64b9{--display:flex;--flex-direction:column;--container-widget-width:100%;--container-widget-height:initial;--container-widget-flex-grow:0;--container-widget-align-self:initial;--flex-wrap-mobile:wrap;}.elementor-590 .elementor-element.elementor-element-2935e7e .elementor-heading-title{font-family:\"ITC Krist\", Sans-serif;font-size:50px;}.elementor-590 .elementor-element.elementor-element-d2c9ee9{font-family:\"Montserrat\", Sans-serif;font-weight:400;color:#000000;}.elementor-590 .elementor-element.elementor-element-483c033 .elementor-button{font-family:\"Montserrat\", Sans-serif;font-weight:500;background-color:var( --e-global-color-66aea8a );}.elementor-590 .elementor-element.elementor-element-483c033 .elementor-button:hover, .elementor-590 .elementor-element.elementor-element-483c033 .elementor-button:focus{background-color:var( --e-global-color-b91bd9e );}@media(min-width:768px){.elementor-590 .elementor-element.elementor-element-501a0f2{--width:98.339%;}.elementor-590 .elementor-element.elementor-element-aab79ff{--width:50%;}.elementor-590 .elementor-element.elementor-element-32a64b9{--width:50%;}}\/* Start custom CSS for image, class: .elementor-element-257cd8f *\/.elementor-590 .elementor-element.elementor-element-257cd8f img {\n    height: 100%;\n}\/* End custom CSS *\/\n\/* Start custom CSS for container, class: .elementor-element-aab79ff *\/.elementor-590 .elementor-element.elementor-element-aab79ff div {\n    height: 100%;\n}\/* End custom CSS *\/<\/style>\t\t<div data-elementor-type=\"loop-item\" data-elementor-id=\"590\" class=\"elementor elementor-590 e-loop-item e-loop-item-36 post-36 page type-page status-publish hentry\" data-elementor-settings=\"{&quot;ha_cmc_init_switcher&quot;:&quot;no&quot;}\" data-elementor-post-type=\"elementor_library\" data-custom-edit-handle=\"1\">\n\t\t\t<div class=\"elementor-element elementor-element-501a0f2 e-con-full category e-flex e-con e-parent\" data-id=\"501a0f2\" data-element_type=\"container\" data-e-type=\"container\" data-settings=\"{&quot;_ha_eqh_enable&quot;:false}\">\n\t\t<div class=\"elementor-element elementor-element-aab79ff e-con-full e-flex e-con e-child\" data-id=\"aab79ff\" data-element_type=\"container\" data-e-type=\"container\" data-settings=\"{&quot;_ha_eqh_enable&quot;:false}\">\n\t\t\t\t<\/div>\n\t\t<div class=\"elementor-element elementor-element-32a64b9 e-con-full e-flex e-con e-child\" data-id=\"32a64b9\" data-element_type=\"container\" data-e-type=\"container\" data-settings=\"{&quot;_ha_eqh_enable&quot;:false}\">\n\t\t\t\t<div class=\"elementor-element elementor-element-2935e7e elementor-widget elementor-widget-heading\" data-id=\"2935e7e\" data-element_type=\"widget\" data-e-type=\"widget\" data-widget_type=\"heading.default\">\n\t\t\t\t<div class=\"elementor-widget-container\">\n\t\t\t\t\t<h2 class=\"elementor-heading-title elementor-size-default\">Places and cities<\/h2>\t\t\t\t<\/div>\n\t\t\t\t<\/div>\n\t\t\t\t<div class=\"elementor-element elementor-element-d2c9ee9 elementor-widget elementor-widget-text-editor\" data-id=\"d2c9ee9\" data-element_type=\"widget\" data-e-type=\"widget\" data-widget_type=\"text-editor.default\">\n\t\t\t\t<div class=\"elementor-widget-container\">\n\t\t\t\t\t\t\t\t\tAt your campsite near Avignon, you are in a strategic location for discovering the magnificent region of Provence. The campsite is the ideal starting point for exploring the most beautiful towns and top natural sites such as the Camargue Regional Natural Park or the Lub\u00e9ron.\n\nOn the border of Vaucluse and Bouches-du-Rh\u00f4ne, you will be close to some of the most beautiful villages in France, such as Saint R\u00e9my de Provence or Gordes. The towns of Cavaillon and Orange, rich in history dating back to Antiquity, are just a stone&#8217;s throw from your accommodation.\t\t\t\t\t\t\t\t<\/div>\n\t\t\t\t<\/div>\n\t\t\t\t<div class=\"elementor-element elementor-element-483c033 elementor-widget elementor-widget-button\" data-id=\"483c033\" data-element_type=\"widget\" data-e-type=\"widget\" data-widget_type=\"button.default\">\n\t\t\t\t<div class=\"elementor-widget-container\">\n\t\t\t\t\t\t\t\t\t<div class=\"elementor-button-wrapper\">\n\t\t\t\t\t<a class=\"elementor-button elementor-button-link elementor-size-sm\" href=\"https:\/\/campinglaroquette.org\/en\/category\/places-and-cities\/\">\n\t\t\t\t\t\t<span class=\"elementor-button-content-wrapper\">\n\t\t\t\t\t\t\t\t\t<span class=\"elementor-button-text\">D\u00e9couvrir<\/span>\n\t\t\t\t\t<\/span>\n\t\t\t\t\t<\/a>\n\t\t\t\t<\/div>\n\t\t\t\t\t\t\t\t<\/div>\n\t\t\t\t<\/div>\n\t\t\t\t<\/div>\n\t\t\t\t<\/div>\n\t\t\t\t<\/div>\n\t\t\t\t<div data-elementor-type=\"loop-item\" data-elementor-id=\"590\" class=\"elementor elementor-590 e-loop-item e-loop-item-38 post-38 revision type-revision status-inherit hentry\" data-elementor-settings=\"{&quot;ha_cmc_init_switcher&quot;:&quot;no&quot;}\" data-elementor-post-type=\"elementor_library\" data-custom-edit-handle=\"1\">\n\t\t\t<div class=\"elementor-element elementor-element-501a0f2 e-con-full category e-flex e-con e-parent\" data-id=\"501a0f2\" data-element_type=\"container\" data-e-type=\"container\" data-settings=\"{&quot;_ha_eqh_enable&quot;:false}\">\n\t\t<div class=\"elementor-element elementor-element-aab79ff e-con-full e-flex e-con e-child\" data-id=\"aab79ff\" data-element_type=\"container\" data-e-type=\"container\" data-settings=\"{&quot;_ha_eqh_enable&quot;:false}\">\n\t\t\t\t<\/div>\n\t\t<div class=\"elementor-element elementor-element-32a64b9 e-con-full e-flex e-con e-child\" data-id=\"32a64b9\" data-element_type=\"container\" data-e-type=\"container\" data-settings=\"{&quot;_ha_eqh_enable&quot;:false}\">\n\t\t\t\t<div class=\"elementor-element elementor-element-2935e7e elementor-widget elementor-widget-heading\" data-id=\"2935e7e\" data-element_type=\"widget\" data-e-type=\"widget\" data-widget_type=\"heading.default\">\n\t\t\t\t<div class=\"elementor-widget-container\">\n\t\t\t\t\t<h2 class=\"elementor-heading-title elementor-size-default\">Nature and heritage<\/h2>\t\t\t\t<\/div>\n\t\t\t\t<\/div>\n\t\t\t\t<div class=\"elementor-element elementor-element-d2c9ee9 elementor-widget elementor-widget-text-editor\" data-id=\"d2c9ee9\" data-element_type=\"widget\" data-e-type=\"widget\" data-widget_type=\"text-editor.default\">\n\t\t\t\t<div class=\"elementor-widget-container\">\n\t\t\t\t\t\t\t\t\tThe campsite is located in the heart of the Provence-Alpes-C\u00f4te d&#8217;Azur region, which is home to some of the most beautiful natural sites in France. &#8220;You are close to the Camargue and its incredible variety of wildlife and flora, as well as the Luberon and the rocky landscapes formed by the Alpilles.\nOn the heritage side, the city of Avignon will satisfy your thirst for history and architecture with its monuments and museums: the famous Pont d&#8217;Avignon and the Palais des Papes are must-see attractions. You won&#8217;t want to miss discovering the village of Les Baux-de-Provence and its 11th-century ruined troglodyte castle.\t\t\t\t\t\t\t\t<\/div>\n\t\t\t\t<\/div>\n\t\t\t\t<div class=\"elementor-element elementor-element-483c033 elementor-widget elementor-widget-button\" data-id=\"483c033\" data-element_type=\"widget\" data-e-type=\"widget\" data-widget_type=\"button.default\">\n\t\t\t\t<div class=\"elementor-widget-container\">\n\t\t\t\t\t\t\t\t\t<div class=\"elementor-button-wrapper\">\n\t\t\t\t\t<a class=\"elementor-button elementor-button-link elementor-size-sm\" href=\"https:\/\/campinglaroquette.org\/en\/category\/nature-and-heritage\/\">\n\t\t\t\t\t\t<span class=\"elementor-button-content-wrapper\">\n\t\t\t\t\t\t\t\t\t<span class=\"elementor-button-text\">D\u00e9couvrir<\/span>\n\t\t\t\t\t<\/span>\n\t\t\t\t\t<\/a>\n\t\t\t\t<\/div>\n\t\t\t\t\t\t\t\t<\/div>\n\t\t\t\t<\/div>\n\t\t\t\t<\/div>\n\t\t\t\t<\/div>\n\t\t\t\t<\/div>\n\t\t\t\t<div data-elementor-type=\"loop-item\" data-elementor-id=\"590\" class=\"elementor elementor-590 e-loop-item e-loop-item-40 post-40 attachment type-attachment status-inherit hentry\" data-elementor-settings=\"{&quot;ha_cmc_init_switcher&quot;:&quot;no&quot;}\" data-elementor-post-type=\"elementor_library\" data-custom-edit-handle=\"1\">\n\t\t\t<div class=\"elementor-element elementor-element-501a0f2 e-con-full category e-flex e-con e-parent\" data-id=\"501a0f2\" data-element_type=\"container\" data-e-type=\"container\" data-settings=\"{&quot;_ha_eqh_enable&quot;:false}\">\n\t\t<div class=\"elementor-element elementor-element-aab79ff e-con-full e-flex e-con e-child\" data-id=\"aab79ff\" data-element_type=\"container\" data-e-type=\"container\" data-settings=\"{&quot;_ha_eqh_enable&quot;:false}\">\n\t\t\t\t<div class=\"elementor-element elementor-element-257cd8f elementor-widget elementor-widget-image\" data-id=\"257cd8f\" data-element_type=\"widget\" data-e-type=\"widget\" data-widget_type=\"image.default\">\n\t\t\t\t<div class=\"elementor-widget-container\">\n\t\t\t\t\t\t\t\t\t\t\t\t\t\t\t<img fetchpriority=\"high\" decoding=\"async\" width=\"800\" height=\"533\" src=\"https:\/\/campinglaroquette.org\/wp-content\/uploads\/2025\/02\/800px-Festival_dAvignon_-_Place_du_Palais_des_papes_11.jpg\" class=\"attachment-full size-full wp-image-1533\" alt=\"\" srcset=\"https:\/\/campinglaroquette.org\/wp-content\/uploads\/2025\/02\/800px-Festival_dAvignon_-_Place_du_Palais_des_papes_11.jpg 800w, https:\/\/campinglaroquette.org\/wp-content\/uploads\/2025\/02\/800px-Festival_dAvignon_-_Place_du_Palais_des_papes_11-300x200.jpg 300w, https:\/\/campinglaroquette.org\/wp-content\/uploads\/2025\/02\/800px-Festival_dAvignon_-_Place_du_Palais_des_papes_11-768x512.jpg 768w\" sizes=\"(max-width: 800px) 100vw, 800px\" \/>\t\t\t\t\t\t\t\t\t\t\t\t\t\t\t<\/div>\n\t\t\t\t<\/div>\n\t\t\t\t<\/div>\n\t\t<div class=\"elementor-element elementor-element-32a64b9 e-con-full e-flex e-con e-child\" data-id=\"32a64b9\" data-element_type=\"container\" data-e-type=\"container\" data-settings=\"{&quot;_ha_eqh_enable&quot;:false}\">\n\t\t\t\t<div class=\"elementor-element elementor-element-2935e7e elementor-widget elementor-widget-heading\" data-id=\"2935e7e\" data-element_type=\"widget\" data-e-type=\"widget\" data-widget_type=\"heading.default\">\n\t\t\t\t<div class=\"elementor-widget-container\">\n\t\t\t\t\t<h2 class=\"elementor-heading-title elementor-size-default\">Events &amp; What's On<\/h2>\t\t\t\t<\/div>\n\t\t\t\t<\/div>\n\t\t\t\t<div class=\"elementor-element elementor-element-d2c9ee9 elementor-widget elementor-widget-text-editor\" data-id=\"d2c9ee9\" data-element_type=\"widget\" data-e-type=\"widget\" data-widget_type=\"text-editor.default\">\n\t\t\t\t<div class=\"elementor-widget-container\">\n\t\t\t\t\t\t\t\t\tProche de nombreuses villes touristiques de Provence, votre camping La Roquette vous permettra de profiter de toutes les festivit\u00e9s et manifestations pr\u00e9vues dans la r\u00e9gion pendant votre s\u00e9jour.\r\nEt elles ne manquent pas ! A commencer par le fameux festival de th\u00e9\u00e2tre d\u2019Avignon \u00e0 la renomm\u00e9e internationale, mais ce n\u2019est pas tout. Avignon organise \u00e9galement un festival de jazz au mois de juillet. Les villes alentours ne sont pas en reste : les march\u00e9s nocturnes de Salon-de-Provence, les march\u00e9s \u00e0 la brocante ou aux livres d\u2019occasion vous attendent pour un \u00e9t\u00e9 de d\u00e9couvertes. Quelles que soient vos envies, il y aura toujours quelque chose \u00e0 faire ou \u00e0 voir !\t\t\t\t\t\t\t\t<\/div>\n\t\t\t\t<\/div>\n\t\t\t\t<div class=\"elementor-element elementor-element-483c033 elementor-widget elementor-widget-button\" data-id=\"483c033\" data-element_type=\"widget\" data-e-type=\"widget\" data-widget_type=\"button.default\">\n\t\t\t\t<div class=\"elementor-widget-container\">\n\t\t\t\t\t\t\t\t\t<div class=\"elementor-button-wrapper\">\n\t\t\t\t\t<a class=\"elementor-button elementor-button-link elementor-size-sm\" href=\"https:\/\/campinglaroquette.org\/en\/category\/events-whats-on\/\">\n\t\t\t\t\t\t<span class=\"elementor-button-content-wrapper\">\n\t\t\t\t\t\t\t\t\t<span class=\"elementor-button-text\">D\u00e9couvrir<\/span>\n\t\t\t\t\t<\/span>\n\t\t\t\t\t<\/a>\n\t\t\t\t<\/div>\n\t\t\t\t\t\t\t\t<\/div>\n\t\t\t\t<\/div>\n\t\t\t\t<\/div>\n\t\t\t\t<\/div>\n\t\t\t\t<\/div>\n\t\t\t\t<div data-elementor-type=\"loop-item\" data-elementor-id=\"590\" class=\"elementor elementor-590 e-loop-item e-loop-item-37 post-37 wp_global_styles type-wp_global_styles status-publish hentry\" data-elementor-settings=\"{&quot;ha_cmc_init_switcher&quot;:&quot;no&quot;}\" data-elementor-post-type=\"elementor_library\" data-custom-edit-handle=\"1\">\n\t\t\t<div class=\"elementor-element elementor-element-501a0f2 e-con-full category e-flex e-con e-parent\" data-id=\"501a0f2\" data-element_type=\"container\" data-e-type=\"container\" data-settings=\"{&quot;_ha_eqh_enable&quot;:false}\">\n\t\t<div class=\"elementor-element elementor-element-aab79ff e-con-full e-flex e-con e-child\" data-id=\"aab79ff\" data-element_type=\"container\" data-e-type=\"container\" data-settings=\"{&quot;_ha_eqh_enable&quot;:false}\">\n\t\t\t\t<\/div>\n\t\t<div class=\"elementor-element elementor-element-32a64b9 e-con-full e-flex e-con e-child\" data-id=\"32a64b9\" data-element_type=\"container\" data-e-type=\"container\" data-settings=\"{&quot;_ha_eqh_enable&quot;:false}\">\n\t\t\t\t<div class=\"elementor-element elementor-element-2935e7e elementor-widget elementor-widget-heading\" data-id=\"2935e7e\" data-element_type=\"widget\" data-e-type=\"widget\" data-widget_type=\"heading.default\">\n\t\t\t\t<div class=\"elementor-widget-container\">\n\t\t\t\t\t<h2 class=\"elementor-heading-title elementor-size-default\">Activities and leisure<\/h2>\t\t\t\t<\/div>\n\t\t\t\t<\/div>\n\t\t\t\t<div class=\"elementor-element elementor-element-d2c9ee9 elementor-widget elementor-widget-text-editor\" data-id=\"d2c9ee9\" data-element_type=\"widget\" data-e-type=\"widget\" data-widget_type=\"text-editor.default\">\n\t\t\t\t<div class=\"elementor-widget-container\">\n\t\t\t\t\t\t\t\t\tStaying at the campsite will allow you to enjoy a multitude of activities adapted to all desires and all budgets. Culture lovers: Avignon awaits you, with its famous festival of course, but also its old stones. The Palais des Papes and its museum will teach you everything about the daily life of the papacy for more than 500 years. Another popular way to discover the city is a cruise in Avignon, to discover the landscape from a different perspective. For sports enthusiasts, there are plenty of options: canoeing or kayaking on the Durance, hiking in the Alpilles, etc. La Roquette campsite is also the starting point for numerous cycle-touring trails. In terms of leisure activities, Parc Spirou will delight your children.\t\t\t\t\t\t\t\t<\/div>\n\t\t\t\t<\/div>\n\t\t\t\t<div class=\"elementor-element elementor-element-483c033 elementor-widget elementor-widget-button\" data-id=\"483c033\" data-element_type=\"widget\" data-e-type=\"widget\" data-widget_type=\"button.default\">\n\t\t\t\t<div class=\"elementor-widget-container\">\n\t\t\t\t\t\t\t\t\t<div class=\"elementor-button-wrapper\">\n\t\t\t\t\t<a class=\"elementor-button elementor-button-link elementor-size-sm\" href=\"https:\/\/campinglaroquette.org\/en\/category\/activities-and-leisure\/\">\n\t\t\t\t\t\t<span class=\"elementor-button-content-wrapper\">\n\t\t\t\t\t\t\t\t\t<span class=\"elementor-button-text\">D\u00e9couvrir<\/span>\n\t\t\t\t\t<\/span>\n\t\t\t\t\t<\/a>\n\t\t\t\t<\/div>\n\t\t\t\t\t\t\t\t<\/div>\n\t\t\t\t<\/div>\n\t\t\t\t<\/div>\n\t\t\t\t<\/div>\n\t\t\t\t<\/div>\n\t\t\t\t<\/div>\n\t\t\t\t\t\t<\/div>\n\t\t\t\t<\/div>\n\t\t\t\t\t<\/div>\n\t\t\t\t<\/div>\n\t\t\t\t<\/div>\n\t\t","protected":false},"excerpt":{"rendered":"<p>Surroundings: guided tour<\/p>\n","protected":false},"author":1,"featured_media":0,"parent":0,"menu_order":0,"comment_status":"closed","ping_status":"closed","template":"","meta":{"_acf_changed":false,"inline_featured_image":false,"footnotes":""},"class_list":["post-2383","page","type-page","status-publish","hentry"],"acf":[],"_links":{"self":[{"href":"https:\/\/campinglaroquette.org\/en\/wp-json\/wp\/v2\/pages\/2383","targetHints":{"allow":["GET"]}}],"collection":[{"href":"https:\/\/campinglaroquette.org\/en\/wp-json\/wp\/v2\/pages"}],"about":[{"href":"https:\/\/campinglaroquette.org\/en\/wp-json\/wp\/v2\/types\/page"}],"author":[{"embeddable":true,"href":"https:\/\/campinglaroquette.org\/en\/wp-json\/wp\/v2\/users\/1"}],"replies":[{"embeddable":true,"href":"https:\/\/campinglaroquette.org\/en\/wp-json\/wp\/v2\/comments?post=2383"}],"version-history":[{"count":1,"href":"https:\/\/campinglaroquette.org\/en\/wp-json\/wp\/v2\/pages\/2383\/revisions"}],"predecessor-version":[{"id":2384,"href":"https:\/\/campinglaroquette.org\/en\/wp-json\/wp\/v2\/pages\/2383\/revisions\/2384"}],"wp:attachment":[{"href":"https:\/\/campinglaroquette.org\/en\/wp-json\/wp\/v2\/media?parent=2383"}],"curies":[{"name":"wp","href":"https:\/\/api.w.org\/{rel}","templated":true}]}}